{"id":2827,"date":"2025-02-11T10:40:33","date_gmt":"2025-02-11T09:40:33","guid":{"rendered":"https:\/\/liveinandalusia.com\/domicile\/"},"modified":"2025-09-18T08:22:00","modified_gmt":"2025-09-18T06:22:00","slug":"domicile","status":"publish","type":"page","link":"https:\/\/liveinandalusia.com\/fr\/","title":{"rendered":"Accueil"},"content":{"rendered":"\t\t<div data-elementor-type=\"wp-page\" data-elementor-id=\"2827\" class=\"elementor elementor-2827 elementor-12\" data-elementor-post-type=\"page\">\n\t\t\t\t<div class=\"elementor-element elementor-element-60bd398 e-con-full e-flex e-con e-parent\" data-id=\"60bd398\" data-element_type=\"container\" data-settings=\"{&quot;background_background&quot;:&quot;video&quot;,&quot;background_video_link&quot;:&quot;https:\\\/\\\/liveinandalusia.com\\\/wp-content\\\/uploads\\\/2025\\\/02\\\/sevilla.mp4&quot;,&quot;background_play_on_mobile&quot;:&quot;yes&quot;,&quot;shape_divider_top&quot;:&quot;tilt&quot;}\">\n\t\t<div class=\"elementor-background-video-container\" aria-hidden=\"true\">\n\t\t\t\t\t\t\t<video class=\"elementor-background-video-hosted\" autoplay muted playsinline loop><\/video>\n\t\t\t\t\t<\/div>\t\t<div class=\"elementor-shape elementor-shape-top\" aria-hidden=\"true\" data-negative=\"false\">\n\t\t\t<svg xmlns=\"http:\/\/www.w3.org\/2000\/svg\" viewBox=\"0 0 1000 100\" preserveAspectRatio=\"none\">\n\t<path class=\"elementor-shape-fill\" d=\"M0,6V0h1000v100L0,6z\"\/>\n<\/svg>\t\t<\/div>\n\t\t\t\t<div class=\"elementor-element elementor-element-04c901b elementor-widget elementor-widget-heading\" data-id=\"04c901b\" data-element_type=\"widget\" data-widget_type=\"heading.default\">\n\t\t\t\t<div class=\"elementor-widget-container\">\n\t\t\t\t\t<h2 class=\"elementor-heading-title elementor-size-default\">Vous voulez vendre ou acheter un bien immobilier ?<\/h2>\t\t\t\t<\/div>\n\t\t\t\t<\/div>\n\t\t\t\t<div class=\"elementor-element elementor-element-d5c6fe7 elementor-headline--style-rotate elementor-widget elementor-widget-animated-headline\" data-id=\"d5c6fe7\" data-element_type=\"widget\" data-settings=\"{&quot;headline_style&quot;:&quot;rotate&quot;,&quot;animation_type&quot;:&quot;clip&quot;,&quot;rotating_text&quot;:&quot;dans les plus brefs d\\u00e9lais \\nen toute s\\u00e9curit\\u00e9\\nau meilleur prix&quot;,&quot;loop&quot;:&quot;yes&quot;,&quot;rotate_iteration_delay&quot;:2500}\" data-widget_type=\"animated-headline.default\">\n\t\t\t\t<div class=\"elementor-widget-container\">\n\t\t\t\t\t\t\t<h3 class=\"elementor-headline elementor-headline-animation-type-clip\">\n\t\t\t\t<span class=\"elementor-headline-dynamic-wrapper elementor-headline-text-wrapper\">\n\t\t\t\t\t<span class=\"elementor-headline-dynamic-text elementor-headline-text-active\">\n\t\t\t\tdans&nbsp;les&nbsp;plus&nbsp;brefs&nbsp;d\u00e9lais&nbsp;\t\t\t<\/span>\n\t\t\t\t\t<span class=\"elementor-headline-dynamic-text\">\n\t\t\t\ten&nbsp;toute&nbsp;s\u00e9curit\u00e9\t\t\t<\/span>\n\t\t\t\t\t<span class=\"elementor-headline-dynamic-text\">\n\t\t\t\tau&nbsp;meilleur&nbsp;prix\t\t\t<\/span>\n\t\t\t\t\t\t<\/span>\n\t\t\t\t<\/h3>\n\t\t\t\t\t\t<\/div>\n\t\t\t\t<\/div>\n\t\t\t\t<div class=\"elementor-element elementor-element-43c84a4 elementor-view-default elementor-invisible elementor-widget elementor-widget-icon\" data-id=\"43c84a4\" data-element_type=\"widget\" data-settings=\"{&quot;_animation&quot;:&quot;slideInDown&quot;}\" data-widget_type=\"icon.default\">\n\t\t\t\t<div class=\"elementor-widget-container\">\n\t\t\t\t\t\t\t<div class=\"elementor-icon-wrapper\">\n\t\t\t<a class=\"elementor-icon\" href=\"#seccion-ignacio\">\n\t\t\t<svg aria-hidden=\"true\" class=\"e-font-icon-svg e-fas-arrow-down\" viewBox=\"0 0 448 512\" xmlns=\"http:\/\/www.w3.org\/2000\/svg\"><path d=\"M413.1 222.5l22.2 22.2c9.4 9.4 9.4 24.6 0 33.9L241 473c-9.4 9.4-24.6 9.4-33.9 0L12.7 278.6c-9.4-9.4-9.4-24.6 0-33.9l22.2-22.2c9.5-9.5 25-9.3 34.3.4L184 343.4V56c0-13.3 10.7-24 24-24h32c13.3 0 24 10.7 24 24v287.4l114.8-120.5c9.3-9.8 24.8-10 34.3-.4z\"><\/path><\/svg>\t\t\t<\/a>\n\t\t<\/div>\n\t\t\t\t\t\t<\/div>\n\t\t\t\t<\/div>\n\t\t\t\t<\/div>\n\t\t<div class=\"elementor-element elementor-element-e1cdcb4 e-flex e-con-boxed e-con e-parent\" data-id=\"e1cdcb4\" data-element_type=\"container\" data-settings=\"{&quot;background_background&quot;:&quot;classic&quot;}\">\n\t\t\t\t\t<div class=\"e-con-inner\">\n\t\t\t\t<div class=\"elementor-element elementor-element-889ddd2 elementor-widget elementor-widget-menu-anchor\" data-id=\"889ddd2\" data-element_type=\"widget\" data-widget_type=\"menu-anchor.default\">\n\t\t\t\t<div class=\"elementor-widget-container\">\n\t\t\t\t\t\t\t<div class=\"elementor-menu-anchor\" id=\"seccion-ignacio\"><\/div>\n\t\t\t\t\t\t<\/div>\n\t\t\t\t<\/div>\n\t\t\t\t\t<\/div>\n\t\t\t\t<\/div>\n\t\t<div class=\"elementor-element elementor-element-f36b726 e-flex e-con-boxed e-con e-parent\" data-id=\"f36b726\" data-element_type=\"container\" data-settings=\"{&quot;background_background&quot;:&quot;classic&quot;,&quot;shape_divider_top&quot;:&quot;tilt&quot;,&quot;shape_divider_bottom&quot;:&quot;tilt&quot;}\">\n\t\t\t\t\t<div class=\"e-con-inner\">\n\t\t\t\t<div class=\"elementor-shape elementor-shape-top\" aria-hidden=\"true\" data-negative=\"false\">\n\t\t\t<svg xmlns=\"http:\/\/www.w3.org\/2000\/svg\" viewBox=\"0 0 1000 100\" preserveAspectRatio=\"none\">\n\t<path class=\"elementor-shape-fill\" d=\"M0,6V0h1000v100L0,6z\"\/>\n<\/svg>\t\t<\/div>\n\t\t\t\t<div class=\"elementor-shape elementor-shape-bottom\" aria-hidden=\"true\" data-negative=\"false\">\n\t\t\t<svg xmlns=\"http:\/\/www.w3.org\/2000\/svg\" viewBox=\"0 0 1000 100\" preserveAspectRatio=\"none\">\n\t<path class=\"elementor-shape-fill\" d=\"M0,6V0h1000v100L0,6z\"\/>\n<\/svg>\t\t<\/div>\n\t\t<div class=\"elementor-element elementor-element-5db9fcb e-con-full e-flex e-con e-child\" data-id=\"5db9fcb\" data-element_type=\"container\">\n\t\t\t\t<\/div>\n\t\t<div class=\"elementor-element elementor-element-062add5 e-con-full e-flex elementor-invisible e-con e-child\" data-id=\"062add5\" data-element_type=\"container\" data-settings=\"{&quot;background_background&quot;:&quot;classic&quot;,&quot;animation&quot;:&quot;fadeIn&quot;}\">\n\t\t\t\t<div class=\"elementor-element elementor-element-0d3b891 elementor-widget__width-initial elementor-widget elementor-widget-text-editor\" data-id=\"0d3b891\" data-element_type=\"widget\" data-widget_type=\"text-editor.default\">\n\t\t\t\t<div class=\"elementor-widget-container\">\n\t\t\t\t\t\t\t\t\t<h3 data-start=\"88\" data-end=\"162\">Je suis Ignacio, votre conseiller immobilier IAD \u00e0 S\u00e9ville, Cadix et Costa del Sol<\/h3><p data-start=\"118\" data-end=\"329\">L\u2019achat ou la vente d\u2019une bien immobilier n\u2019est pas seulement une transaction, c\u2019est une d\u00e9cision importante. Vous m\u00e9ritez quelqu\u2019un en qui vous avez confiance, qui comprend l\u2019importance de chaque \u00e9tape et qui vous accompagne avec <strong data-start=\"284\" data-end=\"326\">s\u00e9curit\u00e9 et transparence<\/strong>. <\/p><p data-start=\"385\" data-end=\"454\">Je suis ici pour rendre le processus simple, clair et r\u00e9ussi.  <strong data-start=\"459\" data-end=\"473\">On parle?<\/strong><\/p>\t\t\t\t\t\t\t\t<\/div>\n\t\t\t\t<\/div>\n\t\t\t\t<div class=\"elementor-element elementor-element-2e03238 elementor-align-center elementor-mobile-align-justify elementor-widget elementor-widget-button\" data-id=\"2e03238\" data-element_type=\"widget\" data-widget_type=\"button.default\">\n\t\t\t\t<div class=\"elementor-widget-container\">\n\t\t\t\t\t\t\t\t\t<div class=\"elementor-button-wrapper\">\n\t\t\t\t\t<a class=\"elementor-button elementor-button-link elementor-size-md\" href=\"https:\/\/liveinandalusia.com\/fr\/vendre-mon-bien\/\">\n\t\t\t\t\t\t<span class=\"elementor-button-content-wrapper\">\n\t\t\t\t\t\t\t\t\t<span class=\"elementor-button-text\">Je veux vendre<\/span>\n\t\t\t\t\t<\/span>\n\t\t\t\t\t<\/a>\n\t\t\t\t<\/div>\n\t\t\t\t\t\t\t\t<\/div>\n\t\t\t\t<\/div>\n\t\t\t\t<div class=\"elementor-element elementor-element-ee86ee1 elementor-align-center elementor-mobile-align-justify elementor-widget elementor-widget-button\" data-id=\"ee86ee1\" data-element_type=\"widget\" data-widget_type=\"button.default\">\n\t\t\t\t<div class=\"elementor-widget-container\">\n\t\t\t\t\t\t\t\t\t<div class=\"elementor-button-wrapper\">\n\t\t\t\t\t<a class=\"elementor-button elementor-button-link elementor-size-md\" href=\"https:\/\/liveinandalusia.com\/fr\/acheter-un-bien\/\">\n\t\t\t\t\t\t<span class=\"elementor-button-content-wrapper\">\n\t\t\t\t\t\t\t\t\t<span class=\"elementor-button-text\">Je veux acheter<\/span>\n\t\t\t\t\t<\/span>\n\t\t\t\t\t<\/a>\n\t\t\t\t<\/div>\n\t\t\t\t\t\t\t\t<\/div>\n\t\t\t\t<\/div>\n\t\t\t\t<\/div>\n\t\t\t\t<div class=\"elementor-element elementor-element-417e606 elementor-widget elementor-widget-menu-anchor\" data-id=\"417e606\" data-element_type=\"widget\" data-widget_type=\"menu-anchor.default\">\n\t\t\t\t<div class=\"elementor-widget-container\">\n\t\t\t\t\t\t\t<div class=\"elementor-menu-anchor\" id=\"ignacio\"><\/div>\n\t\t\t\t\t\t<\/div>\n\t\t\t\t<\/div>\n\t\t\t\t\t<\/div>\n\t\t\t\t<\/div>\n\t\t\t\t<\/div>\n\t\t","protected":false},"excerpt":{"rendered":"<p>Vous voulez vendre ou acheter un bien immobilier ? dans&nbsp;les&nbsp;plus&nbsp;brefs&nbsp;d\u00e9lais&nbsp; en&nbsp;toute&nbsp;s\u00e9curit\u00e9 au&nbsp;meilleur&nbsp;prix Je suis Ignacio, votre conseiller immobilier IAD \u00e0 S\u00e9ville, Cadix et Costa del Sol L\u2019achat ou la vente d\u2019une bien immobilier n\u2019est pas seulement une transaction, c\u2019est une d\u00e9cision importante. Vous m\u00e9ritez quelqu\u2019un en qui vous avez confiance, qui comprend l\u2019importance de chaque [&hellip;]<\/p>\n","protected":false},"author":1,"featured_media":0,"parent":0,"menu_order":0,"comment_status":"closed","ping_status":"closed","template":"","meta":{"footnotes":""},"class_list":["post-2827","page","type-page","status-publish","hentry"],"yoast_head":"<!-- This site is optimized with the Yoast SEO plugin v26.3 - https:\/\/yoast.com\/wordpress\/plugins\/seo\/ -->\n<title>Accueil - LiveInAndalusia.com<\/title>\n<meta name=\"robots\" content=\"index, follow, max-snippet:-1, max-image-preview:large, max-video-preview:-1\" \/>\n<link rel=\"canonical\" href=\"https:\/\/liveinandalusia.com\/fr\/\" \/>\n<meta property=\"og:locale\" content=\"fr_FR\" \/>\n<meta property=\"og:type\" content=\"article\" \/>\n<meta property=\"og:title\" content=\"Accueil - LiveInAndalusia.com\" \/>\n<meta property=\"og:description\" content=\"Vous voulez vendre ou acheter un bien immobilier ? dans&nbsp;les&nbsp;plus&nbsp;brefs&nbsp;d\u00e9lais&nbsp; en&nbsp;toute&nbsp;s\u00e9curit\u00e9 au&nbsp;meilleur&nbsp;prix Je suis Ignacio, votre conseiller immobilier IAD \u00e0 S\u00e9ville, Cadix et Costa del Sol L\u2019achat ou la vente d\u2019une bien immobilier n\u2019est pas seulement une transaction, c\u2019est une d\u00e9cision importante. Vous m\u00e9ritez quelqu\u2019un en qui vous avez confiance, qui comprend l\u2019importance de chaque [&hellip;]\" \/>\n<meta property=\"og:url\" content=\"https:\/\/liveinandalusia.com\/fr\/\" \/>\n<meta property=\"og:site_name\" content=\"LiveInAndalusia.com\" \/>\n<meta property=\"article:publisher\" content=\"https:\/\/www.facebook.com\/IgnacioAsesorIAD\/\" \/>\n<meta property=\"article:modified_time\" content=\"2025-09-18T06:22:00+00:00\" \/>\n<meta name=\"twitter:card\" content=\"summary_large_image\" \/>\n<meta name=\"twitter:label1\" content=\"Dur\u00e9e de lecture estim\u00e9e\" \/>\n\t<meta name=\"twitter:data1\" content=\"1 minute\" \/>\n<script type=\"application\/ld+json\" class=\"yoast-schema-graph\">{\"@context\":\"https:\/\/schema.org\",\"@graph\":[{\"@type\":\"WebPage\",\"@id\":\"https:\/\/liveinandalusia.com\/fr\/\",\"url\":\"https:\/\/liveinandalusia.com\/fr\/\",\"name\":\"Accueil - LiveInAndalusia.com\",\"isPartOf\":{\"@id\":\"https:\/\/liveinandalusia.com\/fr\/#website\"},\"datePublished\":\"2025-02-11T09:40:33+00:00\",\"dateModified\":\"2025-09-18T06:22:00+00:00\",\"breadcrumb\":{\"@id\":\"https:\/\/liveinandalusia.com\/fr\/#breadcrumb\"},\"inLanguage\":\"fr-FR\",\"potentialAction\":[{\"@type\":\"ReadAction\",\"target\":[\"https:\/\/liveinandalusia.com\/fr\/\"]}]},{\"@type\":\"BreadcrumbList\",\"@id\":\"https:\/\/liveinandalusia.com\/fr\/#breadcrumb\",\"itemListElement\":[{\"@type\":\"ListItem\",\"position\":1,\"name\":\"Portada\",\"item\":\"https:\/\/liveinandalusia.com\/fr\/domicile\/\"},{\"@type\":\"ListItem\",\"position\":2,\"name\":\"Accueil\"}]},{\"@type\":\"WebSite\",\"@id\":\"https:\/\/liveinandalusia.com\/fr\/#website\",\"url\":\"https:\/\/liveinandalusia.com\/fr\/\",\"name\":\"IgnacioJacquot.com\",\"description\":\"Agente Inmobiliario IAD en Sevilla\",\"publisher\":{\"@id\":\"https:\/\/liveinandalusia.com\/fr\/#\/schema\/person\/d01f5c15f1ab445a92033146a1189d66\"},\"potentialAction\":[{\"@type\":\"SearchAction\",\"target\":{\"@type\":\"EntryPoint\",\"urlTemplate\":\"https:\/\/liveinandalusia.com\/fr\/?s={search_term_string}\"},\"query-input\":{\"@type\":\"PropertyValueSpecification\",\"valueRequired\":true,\"valueName\":\"search_term_string\"}}],\"inLanguage\":\"fr-FR\"},{\"@type\":[\"Person\",\"Organization\"],\"@id\":\"https:\/\/liveinandalusia.com\/fr\/#\/schema\/person\/d01f5c15f1ab445a92033146a1189d66\",\"name\":\"Agente Inmobiliario IAD en Sevilla\",\"image\":{\"@type\":\"ImageObject\",\"inLanguage\":\"fr-FR\",\"@id\":\"https:\/\/liveinandalusia.com\/fr\/#\/schema\/person\/image\/\",\"url\":\"https:\/\/liveinandalusia.com\/wp-content\/uploads\/2025\/02\/LOGO.webp\",\"contentUrl\":\"https:\/\/liveinandalusia.com\/wp-content\/uploads\/2025\/02\/LOGO.webp\",\"width\":484,\"height\":104,\"caption\":\"Agente Inmobiliario IAD en Sevilla\"},\"logo\":{\"@id\":\"https:\/\/liveinandalusia.com\/fr\/#\/schema\/person\/image\/\"},\"sameAs\":[\"https:\/\/liveinandalusia.com\",\"https:\/\/www.facebook.com\/IgnacioAsesorIAD\/\",\"https:\/\/www.instagram.com\/ignacioiad\"]}]}<\/script>\n<!-- \/ Yoast SEO plugin. -->","yoast_head_json":{"title":"Accueil - LiveInAndalusia.com","robots":{"index":"index","follow":"follow","max-snippet":"max-snippet:-1","max-image-preview":"max-image-preview:large","max-video-preview":"max-video-preview:-1"},"canonical":"https:\/\/liveinandalusia.com\/fr\/","og_locale":"fr_FR","og_type":"article","og_title":"Accueil - LiveInAndalusia.com","og_description":"Vous voulez vendre ou acheter un bien immobilier ? dans&nbsp;les&nbsp;plus&nbsp;brefs&nbsp;d\u00e9lais&nbsp; en&nbsp;toute&nbsp;s\u00e9curit\u00e9 au&nbsp;meilleur&nbsp;prix Je suis Ignacio, votre conseiller immobilier IAD \u00e0 S\u00e9ville, Cadix et Costa del Sol L\u2019achat ou la vente d\u2019une bien immobilier n\u2019est pas seulement une transaction, c\u2019est une d\u00e9cision importante. Vous m\u00e9ritez quelqu\u2019un en qui vous avez confiance, qui comprend l\u2019importance de chaque [&hellip;]","og_url":"https:\/\/liveinandalusia.com\/fr\/","og_site_name":"LiveInAndalusia.com","article_publisher":"https:\/\/www.facebook.com\/IgnacioAsesorIAD\/","article_modified_time":"2025-09-18T06:22:00+00:00","twitter_card":"summary_large_image","twitter_misc":{"Dur\u00e9e de lecture estim\u00e9e":"1 minute"},"schema":{"@context":"https:\/\/schema.org","@graph":[{"@type":"WebPage","@id":"https:\/\/liveinandalusia.com\/fr\/","url":"https:\/\/liveinandalusia.com\/fr\/","name":"Accueil - LiveInAndalusia.com","isPartOf":{"@id":"https:\/\/liveinandalusia.com\/fr\/#website"},"datePublished":"2025-02-11T09:40:33+00:00","dateModified":"2025-09-18T06:22:00+00:00","breadcrumb":{"@id":"https:\/\/liveinandalusia.com\/fr\/#breadcrumb"},"inLanguage":"fr-FR","potentialAction":[{"@type":"ReadAction","target":["https:\/\/liveinandalusia.com\/fr\/"]}]},{"@type":"BreadcrumbList","@id":"https:\/\/liveinandalusia.com\/fr\/#breadcrumb","itemListElement":[{"@type":"ListItem","position":1,"name":"Portada","item":"https:\/\/liveinandalusia.com\/fr\/domicile\/"},{"@type":"ListItem","position":2,"name":"Accueil"}]},{"@type":"WebSite","@id":"https:\/\/liveinandalusia.com\/fr\/#website","url":"https:\/\/liveinandalusia.com\/fr\/","name":"IgnacioJacquot.com","description":"Agente Inmobiliario IAD en Sevilla","publisher":{"@id":"https:\/\/liveinandalusia.com\/fr\/#\/schema\/person\/d01f5c15f1ab445a92033146a1189d66"},"potentialAction":[{"@type":"SearchAction","target":{"@type":"EntryPoint","urlTemplate":"https:\/\/liveinandalusia.com\/fr\/?s={search_term_string}"},"query-input":{"@type":"PropertyValueSpecification","valueRequired":true,"valueName":"search_term_string"}}],"inLanguage":"fr-FR"},{"@type":["Person","Organization"],"@id":"https:\/\/liveinandalusia.com\/fr\/#\/schema\/person\/d01f5c15f1ab445a92033146a1189d66","name":"Agente Inmobiliario IAD en Sevilla","image":{"@type":"ImageObject","inLanguage":"fr-FR","@id":"https:\/\/liveinandalusia.com\/fr\/#\/schema\/person\/image\/","url":"https:\/\/liveinandalusia.com\/wp-content\/uploads\/2025\/02\/LOGO.webp","contentUrl":"https:\/\/liveinandalusia.com\/wp-content\/uploads\/2025\/02\/LOGO.webp","width":484,"height":104,"caption":"Agente Inmobiliario IAD en Sevilla"},"logo":{"@id":"https:\/\/liveinandalusia.com\/fr\/#\/schema\/person\/image\/"},"sameAs":["https:\/\/liveinandalusia.com","https:\/\/www.facebook.com\/IgnacioAsesorIAD\/","https:\/\/www.instagram.com\/ignacioiad"]}]}},"_links":{"self":[{"href":"https:\/\/liveinandalusia.com\/fr\/wp-json\/wp\/v2\/pages\/2827","targetHints":{"allow":["GET"]}}],"collection":[{"href":"https:\/\/liveinandalusia.com\/fr\/wp-json\/wp\/v2\/pages"}],"about":[{"href":"https:\/\/liveinandalusia.com\/fr\/wp-json\/wp\/v2\/types\/page"}],"author":[{"embeddable":true,"href":"https:\/\/liveinandalusia.com\/fr\/wp-json\/wp\/v2\/users\/1"}],"replies":[{"embeddable":true,"href":"https:\/\/liveinandalusia.com\/fr\/wp-json\/wp\/v2\/comments?post=2827"}],"version-history":[{"count":28,"href":"https:\/\/liveinandalusia.com\/fr\/wp-json\/wp\/v2\/pages\/2827\/revisions"}],"predecessor-version":[{"id":3351,"href":"https:\/\/liveinandalusia.com\/fr\/wp-json\/wp\/v2\/pages\/2827\/revisions\/3351"}],"wp:attachment":[{"href":"https:\/\/liveinandalusia.com\/fr\/wp-json\/wp\/v2\/media?parent=2827"}],"curies":[{"name":"wp","href":"https:\/\/api.w.org\/{rel}","templated":true}]}}