{"id":2943,"date":"2025-02-22T22:12:58","date_gmt":"2025-02-22T21:12:58","guid":{"rendered":"https:\/\/liveinandalusia.com\/mentions-legales\/"},"modified":"2025-11-08T23:25:21","modified_gmt":"2025-11-08T22:25:21","slug":"mentions-legales","status":"publish","type":"page","link":"https:\/\/liveinandalusia.com\/fr\/mentions-legales\/","title":{"rendered":"Mentions l\u00e9gales"},"content":{"rendered":"\t\t<div data-elementor-type=\"wp-page\" data-elementor-id=\"2943\" class=\"elementor elementor-2943 elementor-886\" data-elementor-post-type=\"page\">\n\t\t\t\t<div class=\"elementor-element elementor-element-1c6d5363 e-flex e-con-boxed e-con e-parent\" data-id=\"1c6d5363\" data-element_type=\"container\">\n\t\t\t\t\t<div class=\"e-con-inner\">\n\t\t\t\t<div class=\"elementor-element elementor-element-2e0cb05c elementor-widget elementor-widget-text-editor\" data-id=\"2e0cb05c\" data-element_type=\"widget\" data-widget_type=\"text-editor.default\">\n\t\t\t\t<div class=\"elementor-widget-container\">\n\t\t\t\t\t\t\t\t\t<p data-pm-slice=\"1 1 []\"><strong>MENTIONS L\u00c9GALES ET CONDITIONS D\u2019UTILISATION<\/strong><\/p><p><strong>1. Coordonn\u00e9es du propri\u00e9taire du site Web<\/strong><\/p><p>Conform\u00e9ment au devoir d\u2019information \u00e9tabli par la <strong>loi 34\/2002<\/strong>, du 11 juillet, sur les <strong>services de la soci\u00e9t\u00e9 de l\u2019information et du commerce \u00e9lectronique (LSSI-CE),<\/strong> nous vous informons que le propri\u00e9taire de ce site web est&nbsp;:<\/p><ul data-spread=\"false\"><li>Nom complet : Ignacio Joaquin<\/li><li><strong>Num\u00e9ro de TVA :<\/strong> 31265006W<\/li><li><strong>Adresse:<\/strong> Torneo Parque Empresarial, C\/ Arquitectura 3, Torre 7, Planta 6, M\u00f3dulo 6, 41015 S\u00e9ville, Espagne<\/li><li>Adresse e-mail : <a href=\"mailto:ignacio.joaquin@iadespana.es\">ignacio.joaquin@iadespana.es<\/a><\/li><li><strong>Activit\u00e9:<\/strong> Conseiller immobilier en Espagne<\/li><\/ul><p><strong>2. Objet du site<\/strong><\/p><p>L\u2019objectif de ce site web est d\u2019offrir des informations sur les services immobiliers, l\u2019acquisition de propri\u00e9t\u00e9s, des conseils sur l\u2019achat et la vente de biens immobiliers et d\u2019autres contenus li\u00e9s au secteur immobilier en Espagne.<\/p><p><strong>3. Propri\u00e9t\u00e9 intellectuelle et industrielle<\/strong><\/p><p>Tous les contenus de ce site web (textes, images, vid\u00e9os, logos, designs, etc.) sont la propri\u00e9t\u00e9 d\u2019Ignacio Joaquin ou sont utilis\u00e9s sous les licences appropri\u00e9es. La reproduction, la distribution ou la modification de tout contenu sans le consentement expr\u00e8s du titulaire sont strictement interdites. <\/p><p><strong>4. Responsabilit\u00e9 du contenu<\/strong><\/p><p>Ignacio Joaquin ne saurait \u00eatre tenu responsable des dommages ou pr\u00e9judices pouvant r\u00e9sulter d\u2019une mauvaise utilisation des informations publi\u00e9es sur ce site web. Il n\u2019assume \u00e9galement aucune responsabilit\u00e9 en cas d\u2019indisponibilit\u00e9 du site pour des raisons techniques ou de maintenance. <\/p><p><strong>5. Protection des donn\u00e9es personnelles<\/strong><\/p><p>Conform\u00e9ment au <strong>R\u00e8glement g\u00e9n\u00e9ral sur la protection des donn\u00e9es (UE) 2016\/679 (RGPD)<\/strong> et \u00e0 la <strong>loi organique 3\/2018 du 5 d\u00e9cembre (LOPDGDD),<\/strong> les utilisateurs sont inform\u00e9s que les donn\u00e9es personnelles fournies seront trait\u00e9es de mani\u00e8re confidentielle afin de g\u00e9rer la relation avec les utilisateurs et de r\u00e9pondre aux questions ou demandes de services.<\/p><ul data-spread=\"false\"><li>Responsable du traitement : Ignacio Joaquin<\/li><li><strong>But:<\/strong> Gestion des services immobiliers, consultations et communications commerciales.<\/li><li><strong>L\u00e9gitimation:<\/strong> Consentement de la personne concern\u00e9e.<\/li><li><strong>Droits:<\/strong> L\u2019acc\u00e8s, la rectification, l\u2019annulation et l\u2019opposition, ainsi que d\u2019autres droits conform\u00e9ment \u00e0 la l\u00e9gislation en vigueur.<\/li><li>Contact pour l\u2019exercice des droits : <a>ignacio.joaquin@iadespana.es<\/a><\/li><\/ul><p><strong>6. Utilisation des cookies<\/strong><\/p><p>Ce site web utilise des cookies pour am\u00e9liorer l\u2019exp\u00e9rience utilisateur. En naviguant sur ce site, l\u2019utilisateur accepte l\u2019utilisation de cookies conform\u00e9ment \u00e0 notre politique en mati\u00e8re de cookies. <\/p><p><strong>7. Liens externes<\/strong><\/p><p>Le site web peut contenir des liens vers des pages de tiers. Ignacio Joaquin n\u2019est pas responsable du contenu ni des politiques de confidentialit\u00e9 de ces sites. <\/p><p><strong>8. Droit applicable et juridiction comp\u00e9tente<\/strong><\/p><p>La l\u00e9gislation applicable est espagnole. Pour tout litige pouvant survenir en relation avec le site web, les parties se soumettent express\u00e9ment \u00e0 la juridiction des <strong>Cours et Tribunaux de S\u00e9ville<\/strong>, sauf disposition contraire de la r\u00e9glementation. <\/p><p><strong>9. Modifications des mentions l\u00e9gales<\/strong><\/p><p>Ignacio Joaquin se r\u00e9serve le droit de modifier le pr\u00e9sent avis l\u00e9gal \u00e0 tout moment, en fonction des \u00e9volutions l\u00e9gales ou de la nature des services propos\u00e9s.<\/p>\t\t\t\t\t\t\t\t<\/div>\n\t\t\t\t<\/div>\n\t\t\t\t\t<\/div>\n\t\t\t\t<\/div>\n\t\t\t\t<\/div>\n\t\t","protected":false},"excerpt":{"rendered":"<p>MENTIONS L\u00c9GALES ET CONDITIONS D\u2019UTILISATION 1. Coordonn\u00e9es du propri\u00e9taire du site Web Conform\u00e9ment au devoir d\u2019information \u00e9tabli par la loi 34\/2002, du 11 juillet, sur les services de la soci\u00e9t\u00e9 de l\u2019information et du commerce \u00e9lectronique (LSSI-CE), nous vous informons que le propri\u00e9taire de ce site web est&nbsp;: Nom complet : Ignacio Joaquin Num\u00e9ro de [&hellip;]<\/p>\n","protected":false},"author":1,"featured_media":0,"parent":0,"menu_order":0,"comment_status":"closed","ping_status":"closed","template":"","meta":{"footnotes":""},"class_list":["post-2943","page","type-page","status-publish","hentry"],"yoast_head":"<!-- This site is optimized with the Yoast SEO plugin v26.3 - https:\/\/yoast.com\/wordpress\/plugins\/seo\/ -->\n<title>Mentions l\u00e9gales - LiveInAndalusia.com<\/title>\n<meta name=\"robots\" content=\"index, follow, max-snippet:-1, max-image-preview:large, max-video-preview:-1\" \/>\n<link rel=\"canonical\" href=\"https:\/\/liveinandalusia.com\/fr\/mentions-legales\/\" \/>\n<meta property=\"og:locale\" content=\"fr_FR\" \/>\n<meta property=\"og:type\" content=\"article\" \/>\n<meta property=\"og:title\" content=\"Mentions l\u00e9gales - LiveInAndalusia.com\" \/>\n<meta property=\"og:description\" content=\"MENTIONS L\u00c9GALES ET CONDITIONS D\u2019UTILISATION 1. Coordonn\u00e9es du propri\u00e9taire du site Web Conform\u00e9ment au devoir d\u2019information \u00e9tabli par la loi 34\/2002, du 11 juillet, sur les services de la soci\u00e9t\u00e9 de l\u2019information et du commerce \u00e9lectronique (LSSI-CE), nous vous informons que le propri\u00e9taire de ce site web est&nbsp;: Nom complet : Ignacio Joaquin Num\u00e9ro de [&hellip;]\" \/>\n<meta property=\"og:url\" content=\"https:\/\/liveinandalusia.com\/fr\/mentions-legales\/\" \/>\n<meta property=\"og:site_name\" content=\"LiveInAndalusia.com\" \/>\n<meta property=\"article:publisher\" content=\"https:\/\/www.facebook.com\/IgnacioAsesorIAD\/\" \/>\n<meta property=\"article:modified_time\" content=\"2025-11-08T22:25:21+00:00\" \/>\n<meta name=\"twitter:card\" content=\"summary_large_image\" \/>\n<meta name=\"twitter:label1\" content=\"Dur\u00e9e de lecture estim\u00e9e\" \/>\n\t<meta name=\"twitter:data1\" content=\"2 minutes\" \/>\n<script type=\"application\/ld+json\" class=\"yoast-schema-graph\">{\"@context\":\"https:\/\/schema.org\",\"@graph\":[{\"@type\":\"WebPage\",\"@id\":\"https:\/\/liveinandalusia.com\/fr\/mentions-legales\/\",\"url\":\"https:\/\/liveinandalusia.com\/fr\/mentions-legales\/\",\"name\":\"Mentions l\u00e9gales - LiveInAndalusia.com\",\"isPartOf\":{\"@id\":\"https:\/\/liveinandalusia.com\/fr\/#website\"},\"datePublished\":\"2025-02-22T21:12:58+00:00\",\"dateModified\":\"2025-11-08T22:25:21+00:00\",\"breadcrumb\":{\"@id\":\"https:\/\/liveinandalusia.com\/fr\/mentions-legales\/#breadcrumb\"},\"inLanguage\":\"fr-FR\",\"potentialAction\":[{\"@type\":\"ReadAction\",\"target\":[\"https:\/\/liveinandalusia.com\/fr\/mentions-legales\/\"]}]},{\"@type\":\"BreadcrumbList\",\"@id\":\"https:\/\/liveinandalusia.com\/fr\/mentions-legales\/#breadcrumb\",\"itemListElement\":[{\"@type\":\"ListItem\",\"position\":1,\"name\":\"Portada\",\"item\":\"https:\/\/liveinandalusia.com\/fr\/domicile\/\"},{\"@type\":\"ListItem\",\"position\":2,\"name\":\"Mentions l\u00e9gales\"}]},{\"@type\":\"WebSite\",\"@id\":\"https:\/\/liveinandalusia.com\/fr\/#website\",\"url\":\"https:\/\/liveinandalusia.com\/fr\/\",\"name\":\"IgnacioJacquot.com\",\"description\":\"Agente Inmobiliario IAD en Sevilla\",\"publisher\":{\"@id\":\"https:\/\/liveinandalusia.com\/fr\/#\/schema\/person\/d01f5c15f1ab445a92033146a1189d66\"},\"potentialAction\":[{\"@type\":\"SearchAction\",\"target\":{\"@type\":\"EntryPoint\",\"urlTemplate\":\"https:\/\/liveinandalusia.com\/fr\/?s={search_term_string}\"},\"query-input\":{\"@type\":\"PropertyValueSpecification\",\"valueRequired\":true,\"valueName\":\"search_term_string\"}}],\"inLanguage\":\"fr-FR\"},{\"@type\":[\"Person\",\"Organization\"],\"@id\":\"https:\/\/liveinandalusia.com\/fr\/#\/schema\/person\/d01f5c15f1ab445a92033146a1189d66\",\"name\":\"Agente Inmobiliario IAD en Sevilla\",\"image\":{\"@type\":\"ImageObject\",\"inLanguage\":\"fr-FR\",\"@id\":\"https:\/\/liveinandalusia.com\/fr\/#\/schema\/person\/image\/\",\"url\":\"https:\/\/liveinandalusia.com\/wp-content\/uploads\/2025\/02\/LOGO.webp\",\"contentUrl\":\"https:\/\/liveinandalusia.com\/wp-content\/uploads\/2025\/02\/LOGO.webp\",\"width\":484,\"height\":104,\"caption\":\"Agente Inmobiliario IAD en Sevilla\"},\"logo\":{\"@id\":\"https:\/\/liveinandalusia.com\/fr\/#\/schema\/person\/image\/\"},\"sameAs\":[\"https:\/\/liveinandalusia.com\",\"https:\/\/www.facebook.com\/IgnacioAsesorIAD\/\",\"https:\/\/www.instagram.com\/ignacioiad\"]}]}<\/script>\n<!-- \/ Yoast SEO plugin. -->","yoast_head_json":{"title":"Mentions l\u00e9gales - LiveInAndalusia.com","robots":{"index":"index","follow":"follow","max-snippet":"max-snippet:-1","max-image-preview":"max-image-preview:large","max-video-preview":"max-video-preview:-1"},"canonical":"https:\/\/liveinandalusia.com\/fr\/mentions-legales\/","og_locale":"fr_FR","og_type":"article","og_title":"Mentions l\u00e9gales - LiveInAndalusia.com","og_description":"MENTIONS L\u00c9GALES ET CONDITIONS D\u2019UTILISATION 1. Coordonn\u00e9es du propri\u00e9taire du site Web Conform\u00e9ment au devoir d\u2019information \u00e9tabli par la loi 34\/2002, du 11 juillet, sur les services de la soci\u00e9t\u00e9 de l\u2019information et du commerce \u00e9lectronique (LSSI-CE), nous vous informons que le propri\u00e9taire de ce site web est&nbsp;: Nom complet : Ignacio Joaquin Num\u00e9ro de [&hellip;]","og_url":"https:\/\/liveinandalusia.com\/fr\/mentions-legales\/","og_site_name":"LiveInAndalusia.com","article_publisher":"https:\/\/www.facebook.com\/IgnacioAsesorIAD\/","article_modified_time":"2025-11-08T22:25:21+00:00","twitter_card":"summary_large_image","twitter_misc":{"Dur\u00e9e de lecture estim\u00e9e":"2 minutes"},"schema":{"@context":"https:\/\/schema.org","@graph":[{"@type":"WebPage","@id":"https:\/\/liveinandalusia.com\/fr\/mentions-legales\/","url":"https:\/\/liveinandalusia.com\/fr\/mentions-legales\/","name":"Mentions l\u00e9gales - LiveInAndalusia.com","isPartOf":{"@id":"https:\/\/liveinandalusia.com\/fr\/#website"},"datePublished":"2025-02-22T21:12:58+00:00","dateModified":"2025-11-08T22:25:21+00:00","breadcrumb":{"@id":"https:\/\/liveinandalusia.com\/fr\/mentions-legales\/#breadcrumb"},"inLanguage":"fr-FR","potentialAction":[{"@type":"ReadAction","target":["https:\/\/liveinandalusia.com\/fr\/mentions-legales\/"]}]},{"@type":"BreadcrumbList","@id":"https:\/\/liveinandalusia.com\/fr\/mentions-legales\/#breadcrumb","itemListElement":[{"@type":"ListItem","position":1,"name":"Portada","item":"https:\/\/liveinandalusia.com\/fr\/domicile\/"},{"@type":"ListItem","position":2,"name":"Mentions l\u00e9gales"}]},{"@type":"WebSite","@id":"https:\/\/liveinandalusia.com\/fr\/#website","url":"https:\/\/liveinandalusia.com\/fr\/","name":"IgnacioJacquot.com","description":"Agente Inmobiliario IAD en Sevilla","publisher":{"@id":"https:\/\/liveinandalusia.com\/fr\/#\/schema\/person\/d01f5c15f1ab445a92033146a1189d66"},"potentialAction":[{"@type":"SearchAction","target":{"@type":"EntryPoint","urlTemplate":"https:\/\/liveinandalusia.com\/fr\/?s={search_term_string}"},"query-input":{"@type":"PropertyValueSpecification","valueRequired":true,"valueName":"search_term_string"}}],"inLanguage":"fr-FR"},{"@type":["Person","Organization"],"@id":"https:\/\/liveinandalusia.com\/fr\/#\/schema\/person\/d01f5c15f1ab445a92033146a1189d66","name":"Agente Inmobiliario IAD en Sevilla","image":{"@type":"ImageObject","inLanguage":"fr-FR","@id":"https:\/\/liveinandalusia.com\/fr\/#\/schema\/person\/image\/","url":"https:\/\/liveinandalusia.com\/wp-content\/uploads\/2025\/02\/LOGO.webp","contentUrl":"https:\/\/liveinandalusia.com\/wp-content\/uploads\/2025\/02\/LOGO.webp","width":484,"height":104,"caption":"Agente Inmobiliario IAD en Sevilla"},"logo":{"@id":"https:\/\/liveinandalusia.com\/fr\/#\/schema\/person\/image\/"},"sameAs":["https:\/\/liveinandalusia.com","https:\/\/www.facebook.com\/IgnacioAsesorIAD\/","https:\/\/www.instagram.com\/ignacioiad"]}]}},"_links":{"self":[{"href":"https:\/\/liveinandalusia.com\/fr\/wp-json\/wp\/v2\/pages\/2943","targetHints":{"allow":["GET"]}}],"collection":[{"href":"https:\/\/liveinandalusia.com\/fr\/wp-json\/wp\/v2\/pages"}],"about":[{"href":"https:\/\/liveinandalusia.com\/fr\/wp-json\/wp\/v2\/types\/page"}],"author":[{"embeddable":true,"href":"https:\/\/liveinandalusia.com\/fr\/wp-json\/wp\/v2\/users\/1"}],"replies":[{"embeddable":true,"href":"https:\/\/liveinandalusia.com\/fr\/wp-json\/wp\/v2\/comments?post=2943"}],"version-history":[{"count":2,"href":"https:\/\/liveinandalusia.com\/fr\/wp-json\/wp\/v2\/pages\/2943\/revisions"}],"predecessor-version":[{"id":3389,"href":"https:\/\/liveinandalusia.com\/fr\/wp-json\/wp\/v2\/pages\/2943\/revisions\/3389"}],"wp:attachment":[{"href":"https:\/\/liveinandalusia.com\/fr\/wp-json\/wp\/v2\/media?parent=2943"}],"curies":[{"name":"wp","href":"https:\/\/api.w.org\/{rel}","templated":true}]}}