{"id":2982,"date":"2025-02-22T22:15:48","date_gmt":"2025-02-22T21:15:48","guid":{"rendered":"https:\/\/liveinandalusia.com\/politique-de-confidentialite\/"},"modified":"2025-11-08T23:44:23","modified_gmt":"2025-11-08T22:44:23","slug":"politique-de-confidentialite","status":"publish","type":"page","link":"https:\/\/liveinandalusia.com\/fr\/politique-de-confidentialite\/","title":{"rendered":"Politique de confidentialit\u00e9"},"content":{"rendered":"\t\t<div data-elementor-type=\"wp-page\" data-elementor-id=\"2982\" class=\"elementor elementor-2982 elementor-891\" data-elementor-post-type=\"page\">\n\t\t\t\t<div class=\"elementor-element elementor-element-59381b7e e-flex e-con-boxed e-con e-parent\" data-id=\"59381b7e\" data-element_type=\"container\">\n\t\t\t\t\t<div class=\"e-con-inner\">\n\t\t\t\t<div class=\"elementor-element elementor-element-59809141 elementor-widget elementor-widget-text-editor\" data-id=\"59809141\" data-element_type=\"widget\" data-widget_type=\"text-editor.default\">\n\t\t\t\t<div class=\"elementor-widget-container\">\n\t\t\t\t\t\t\t\t\t<p data-pm-slice=\"1 1 []\"><strong>POLITIQUE DE CONFIDENTIALIT\u00c9<\/strong><\/p><p>Conform\u00e9ment au R\u00e8glement (UE) 2016\/679 du Parlement europ\u00e9en et du Conseil du 27 avril 2016 relatif \u00e0 la protection des personnes physiques \u00e0 l\u2019\u00e9gard du traitement des donn\u00e9es \u00e0 caract\u00e8re personnel et \u00e0 la libre circulation de ces donn\u00e9es (RGPD), ainsi qu\u2019\u00e0 la Loi organique 3\/2018 du 5 d\u00e9cembre relative \u00e0 la protection des donn\u00e9es personnelles et \u00e0 la garantie des droits num\u00e9riques (LOPDGDD), les utilisateurs de ce site web sont inform\u00e9s de la politique de confidentialit\u00e9 appliqu\u00e9e \u00e0 la collecte, au traitement et \u00e0 la protection de leurs donn\u00e9es personnelles.<\/p><p><strong>1. Responsable de traitement<\/strong><\/p><ul data-spread=\"false\"><li><strong>Nombre completo:<\/strong> Ignacio Joaqu\u00edn<\/li><li><strong>Num\u00e9ro de TVA :<\/strong> 31265006W<\/li><li><strong>Adresse:<\/strong> Torneo Parque Empresarial, C\/ Arquitectura 3, Torre 7, Planta 6, M\u00f3dulo 6, 41015 S\u00e9ville, Espagne<\/li><li><strong>Activit\u00e9:<\/strong> Conseiller immobilier IAD en Espagne<\/li><\/ul><p><strong>2. Finalit\u00e9 du traitement des donn\u00e9es<\/strong><\/p><p>Les donn\u00e9es personnelles collect\u00e9es seront utilis\u00e9es aux fins suivantes :<\/p><ul data-spread=\"false\"><li>G\u00e9rer les demandes re\u00e7ues via les formulaires de contact.<\/li><li>Faciliter la passation de contrats de services immobiliers.<\/li><li>Pour effectuer des communications commerciales li\u00e9es aux services offerts.<\/li><li>G\u00e9rer la relation avec les clients et les utilisateurs.<\/li><li>Respecter les obligations l\u00e9gales d\u00e9coulant de l\u2019activit\u00e9 immobili\u00e8re.<\/li><\/ul><p><strong>3. Base juridique du traitement des donn\u00e9es<\/strong><\/p><p>Le traitement des donn\u00e9es personnelles est effectu\u00e9 sur la base juridique du consentement explicite de l\u2019utilisateur, de l\u2019ex\u00e9cution d\u2019un contrat ou du respect des obligations l\u00e9gales applicables.<\/p><p><strong>4. Conservation des donn\u00e9es<\/strong><\/p><p>Les donn\u00e9es personnelles fournies seront conserv\u00e9es pendant le temps n\u00e9cessaire \u00e0 la r\u00e9alisation de l\u2019objectif pour lequel elles ont \u00e9t\u00e9 collect\u00e9es ou pendant le temps requis par les lois en vigueur.<\/p><p><strong>5. Communication des donn\u00e9es \u00e0 des tiers<\/strong><\/p><p>Les donn\u00e9es personnelles ne seront pas c\u00e9d\u00e9es \u00e0 des tiers, sauf en vertu d\u2019une obligation l\u00e9gale ou lorsque cela est n\u00e9cessaire pour la fourniture des services contract\u00e9s (tels que les notaires, les registres publics ou d\u2019autres entit\u00e9s li\u00e9es \u00e0 la gestion immobili\u00e8re).<\/p><p><strong>6. Droits de l\u2019utilisateur<\/strong><\/p><p>Les utilisateurs ont le droit de :<\/p><ul data-spread=\"false\"><li>Acc\u00e9der \u00e0 vos donn\u00e9es personnelles.<\/li><li>Demander la rectification des donn\u00e9es inexactes.<\/li><li>Demandez la suppression de vos donn\u00e9es lorsqu\u2019elles ne sont plus n\u00e9cessaires.<\/li><li>Demander la limitation du traitement de vos donn\u00e9es.<\/li><li>S\u2019opposer au traitement de vos donn\u00e9es.<\/li><li>Demander la portabilit\u00e9 des donn\u00e9es.<\/li><\/ul><p>Les utilisateurs peuvent exercer leurs droits en envoyant une demande \u00e9crite \u00e0 l\u2019adresse e-mail suivante : <a href=\"mailto:ignacio.joaquin@iadespana.es\" target=\"_blank\" rel=\"noopener\"><strong>ignacio.joaquin@iadespana.es<\/strong><\/a>.<\/p><p><strong>7. Mesures de s\u00e9curit\u00e9<\/strong><\/p><p>Ignacio Joaquin a mis en place les mesures techniques et organisationnelles n\u00e9cessaires pour garantir la s\u00e9curit\u00e9 des donn\u00e9es personnelles et \u00e9viter leur perte, mauvaise utilisation, alt\u00e9ration ou acc\u00e8s non autoris\u00e9.<\/p><p><strong>8. Les cookies<\/strong><\/p><p>Ce site web utilise des cookies pour am\u00e9liorer l\u2019exp\u00e9rience utilisateur. Vous pouvez consulter plus de d\u00e9tails dans notre <strong>politique de cookies<\/strong>. <\/p><p><strong>9. Modification de la politique de confidentialit\u00e9<\/strong><\/p><p>Ignacio Joaquin se r\u00e9serve le droit de modifier la pr\u00e9sente politique de confidentialit\u00e9 afin de l\u2019adapter aux \u00e9volutions l\u00e9gislatives ou aux changements dans les services propos\u00e9s. Il est recommand\u00e9 aux utilisateurs de consulter r\u00e9guli\u00e8rement cette politique. <\/p><p><strong>10. Droit applicable et juridiction<\/strong><\/p><p>Cette politique de confidentialit\u00e9 est r\u00e9gie par la loi espagnole. Pour la r\u00e9solution de tout conflit, les parties se soumettront aux <strong>Cours et Tribunaux de S\u00e9ville<\/strong>, sauf disposition contraire de la r\u00e9glementation. <\/p><div><hr><\/div><p><strong>Derni\u00e8re mise \u00e0 jour&nbsp;:<\/strong> 23-03-2025<\/p><p>Si vous avez des questions concernant cette politique de confidentialit\u00e9, n\u2019h\u00e9sitez pas \u00e0 nous contacter par e-mail : <a href=\"mailto:ignacio.joaquin@iadespana.es\" target=\"_blank\" rel=\"noopener\"><strong>ignacio.joaquin@iadespana.es<\/strong><\/a>.<\/p><p> <\/p>\t\t\t\t\t\t\t\t<\/div>\n\t\t\t\t<\/div>\n\t\t\t\t\t<\/div>\n\t\t\t\t<\/div>\n\t\t\t\t<\/div>\n\t\t","protected":false},"excerpt":{"rendered":"<p>POLITIQUE DE CONFIDENTIALIT\u00c9 Conform\u00e9ment au R\u00e8glement (UE) 2016\/679 du Parlement europ\u00e9en et du Conseil du 27 avril 2016 relatif \u00e0 la protection des personnes physiques \u00e0 l\u2019\u00e9gard du traitement des donn\u00e9es \u00e0 caract\u00e8re personnel et \u00e0 la libre circulation de ces donn\u00e9es (RGPD), ainsi qu\u2019\u00e0 la Loi organique 3\/2018 du 5 d\u00e9cembre relative \u00e0 la [&hellip;]<\/p>\n","protected":false},"author":1,"featured_media":0,"parent":0,"menu_order":0,"comment_status":"closed","ping_status":"closed","template":"","meta":{"footnotes":""},"class_list":["post-2982","page","type-page","status-publish","hentry"],"yoast_head":"<!-- This site is optimized with the Yoast SEO plugin v26.3 - https:\/\/yoast.com\/wordpress\/plugins\/seo\/ -->\n<title>Politique de confidentialit\u00e9 - LiveInAndalusia.com<\/title>\n<meta name=\"robots\" content=\"index, follow, max-snippet:-1, max-image-preview:large, max-video-preview:-1\" \/>\n<link rel=\"canonical\" href=\"https:\/\/liveinandalusia.com\/fr\/politique-de-confidentialite\/\" \/>\n<meta property=\"og:locale\" content=\"fr_FR\" \/>\n<meta property=\"og:type\" content=\"article\" \/>\n<meta property=\"og:title\" content=\"Politique de confidentialit\u00e9 - LiveInAndalusia.com\" \/>\n<meta property=\"og:description\" content=\"POLITIQUE DE CONFIDENTIALIT\u00c9 Conform\u00e9ment au R\u00e8glement (UE) 2016\/679 du Parlement europ\u00e9en et du Conseil du 27 avril 2016 relatif \u00e0 la protection des personnes physiques \u00e0 l\u2019\u00e9gard du traitement des donn\u00e9es \u00e0 caract\u00e8re personnel et \u00e0 la libre circulation de ces donn\u00e9es (RGPD), ainsi qu\u2019\u00e0 la Loi organique 3\/2018 du 5 d\u00e9cembre relative \u00e0 la [&hellip;]\" \/>\n<meta property=\"og:url\" content=\"https:\/\/liveinandalusia.com\/fr\/politique-de-confidentialite\/\" \/>\n<meta property=\"og:site_name\" content=\"LiveInAndalusia.com\" \/>\n<meta property=\"article:publisher\" content=\"https:\/\/www.facebook.com\/IgnacioAsesorIAD\/\" \/>\n<meta property=\"article:modified_time\" content=\"2025-11-08T22:44:23+00:00\" \/>\n<meta name=\"twitter:card\" content=\"summary_large_image\" \/>\n<meta name=\"twitter:label1\" content=\"Dur\u00e9e de lecture estim\u00e9e\" \/>\n\t<meta name=\"twitter:data1\" content=\"3 minutes\" \/>\n<script type=\"application\/ld+json\" class=\"yoast-schema-graph\">{\"@context\":\"https:\/\/schema.org\",\"@graph\":[{\"@type\":\"WebPage\",\"@id\":\"https:\/\/liveinandalusia.com\/fr\/politique-de-confidentialite\/\",\"url\":\"https:\/\/liveinandalusia.com\/fr\/politique-de-confidentialite\/\",\"name\":\"Politique de confidentialit\u00e9 - LiveInAndalusia.com\",\"isPartOf\":{\"@id\":\"https:\/\/liveinandalusia.com\/fr\/#website\"},\"datePublished\":\"2025-02-22T21:15:48+00:00\",\"dateModified\":\"2025-11-08T22:44:23+00:00\",\"breadcrumb\":{\"@id\":\"https:\/\/liveinandalusia.com\/fr\/politique-de-confidentialite\/#breadcrumb\"},\"inLanguage\":\"fr-FR\",\"potentialAction\":[{\"@type\":\"ReadAction\",\"target\":[\"https:\/\/liveinandalusia.com\/fr\/politique-de-confidentialite\/\"]}]},{\"@type\":\"BreadcrumbList\",\"@id\":\"https:\/\/liveinandalusia.com\/fr\/politique-de-confidentialite\/#breadcrumb\",\"itemListElement\":[{\"@type\":\"ListItem\",\"position\":1,\"name\":\"Portada\",\"item\":\"https:\/\/liveinandalusia.com\/fr\/domicile\/\"},{\"@type\":\"ListItem\",\"position\":2,\"name\":\"Politique de confidentialit\u00e9\"}]},{\"@type\":\"WebSite\",\"@id\":\"https:\/\/liveinandalusia.com\/fr\/#website\",\"url\":\"https:\/\/liveinandalusia.com\/fr\/\",\"name\":\"IgnacioJacquot.com\",\"description\":\"Agente Inmobiliario IAD en Sevilla\",\"publisher\":{\"@id\":\"https:\/\/liveinandalusia.com\/fr\/#\/schema\/person\/d01f5c15f1ab445a92033146a1189d66\"},\"potentialAction\":[{\"@type\":\"SearchAction\",\"target\":{\"@type\":\"EntryPoint\",\"urlTemplate\":\"https:\/\/liveinandalusia.com\/fr\/?s={search_term_string}\"},\"query-input\":{\"@type\":\"PropertyValueSpecification\",\"valueRequired\":true,\"valueName\":\"search_term_string\"}}],\"inLanguage\":\"fr-FR\"},{\"@type\":[\"Person\",\"Organization\"],\"@id\":\"https:\/\/liveinandalusia.com\/fr\/#\/schema\/person\/d01f5c15f1ab445a92033146a1189d66\",\"name\":\"Agente Inmobiliario IAD en Sevilla\",\"image\":{\"@type\":\"ImageObject\",\"inLanguage\":\"fr-FR\",\"@id\":\"https:\/\/liveinandalusia.com\/fr\/#\/schema\/person\/image\/\",\"url\":\"https:\/\/liveinandalusia.com\/wp-content\/uploads\/2025\/02\/LOGO.webp\",\"contentUrl\":\"https:\/\/liveinandalusia.com\/wp-content\/uploads\/2025\/02\/LOGO.webp\",\"width\":484,\"height\":104,\"caption\":\"Agente Inmobiliario IAD en Sevilla\"},\"logo\":{\"@id\":\"https:\/\/liveinandalusia.com\/fr\/#\/schema\/person\/image\/\"},\"sameAs\":[\"https:\/\/liveinandalusia.com\",\"https:\/\/www.facebook.com\/IgnacioAsesorIAD\/\",\"https:\/\/www.instagram.com\/ignacioiad\"]}]}<\/script>\n<!-- \/ Yoast SEO plugin. -->","yoast_head_json":{"title":"Politique de confidentialit\u00e9 - LiveInAndalusia.com","robots":{"index":"index","follow":"follow","max-snippet":"max-snippet:-1","max-image-preview":"max-image-preview:large","max-video-preview":"max-video-preview:-1"},"canonical":"https:\/\/liveinandalusia.com\/fr\/politique-de-confidentialite\/","og_locale":"fr_FR","og_type":"article","og_title":"Politique de confidentialit\u00e9 - LiveInAndalusia.com","og_description":"POLITIQUE DE CONFIDENTIALIT\u00c9 Conform\u00e9ment au R\u00e8glement (UE) 2016\/679 du Parlement europ\u00e9en et du Conseil du 27 avril 2016 relatif \u00e0 la protection des personnes physiques \u00e0 l\u2019\u00e9gard du traitement des donn\u00e9es \u00e0 caract\u00e8re personnel et \u00e0 la libre circulation de ces donn\u00e9es (RGPD), ainsi qu\u2019\u00e0 la Loi organique 3\/2018 du 5 d\u00e9cembre relative \u00e0 la [&hellip;]","og_url":"https:\/\/liveinandalusia.com\/fr\/politique-de-confidentialite\/","og_site_name":"LiveInAndalusia.com","article_publisher":"https:\/\/www.facebook.com\/IgnacioAsesorIAD\/","article_modified_time":"2025-11-08T22:44:23+00:00","twitter_card":"summary_large_image","twitter_misc":{"Dur\u00e9e de lecture estim\u00e9e":"3 minutes"},"schema":{"@context":"https:\/\/schema.org","@graph":[{"@type":"WebPage","@id":"https:\/\/liveinandalusia.com\/fr\/politique-de-confidentialite\/","url":"https:\/\/liveinandalusia.com\/fr\/politique-de-confidentialite\/","name":"Politique de confidentialit\u00e9 - LiveInAndalusia.com","isPartOf":{"@id":"https:\/\/liveinandalusia.com\/fr\/#website"},"datePublished":"2025-02-22T21:15:48+00:00","dateModified":"2025-11-08T22:44:23+00:00","breadcrumb":{"@id":"https:\/\/liveinandalusia.com\/fr\/politique-de-confidentialite\/#breadcrumb"},"inLanguage":"fr-FR","potentialAction":[{"@type":"ReadAction","target":["https:\/\/liveinandalusia.com\/fr\/politique-de-confidentialite\/"]}]},{"@type":"BreadcrumbList","@id":"https:\/\/liveinandalusia.com\/fr\/politique-de-confidentialite\/#breadcrumb","itemListElement":[{"@type":"ListItem","position":1,"name":"Portada","item":"https:\/\/liveinandalusia.com\/fr\/domicile\/"},{"@type":"ListItem","position":2,"name":"Politique de confidentialit\u00e9"}]},{"@type":"WebSite","@id":"https:\/\/liveinandalusia.com\/fr\/#website","url":"https:\/\/liveinandalusia.com\/fr\/","name":"IgnacioJacquot.com","description":"Agente Inmobiliario IAD en Sevilla","publisher":{"@id":"https:\/\/liveinandalusia.com\/fr\/#\/schema\/person\/d01f5c15f1ab445a92033146a1189d66"},"potentialAction":[{"@type":"SearchAction","target":{"@type":"EntryPoint","urlTemplate":"https:\/\/liveinandalusia.com\/fr\/?s={search_term_string}"},"query-input":{"@type":"PropertyValueSpecification","valueRequired":true,"valueName":"search_term_string"}}],"inLanguage":"fr-FR"},{"@type":["Person","Organization"],"@id":"https:\/\/liveinandalusia.com\/fr\/#\/schema\/person\/d01f5c15f1ab445a92033146a1189d66","name":"Agente Inmobiliario IAD en Sevilla","image":{"@type":"ImageObject","inLanguage":"fr-FR","@id":"https:\/\/liveinandalusia.com\/fr\/#\/schema\/person\/image\/","url":"https:\/\/liveinandalusia.com\/wp-content\/uploads\/2025\/02\/LOGO.webp","contentUrl":"https:\/\/liveinandalusia.com\/wp-content\/uploads\/2025\/02\/LOGO.webp","width":484,"height":104,"caption":"Agente Inmobiliario IAD en Sevilla"},"logo":{"@id":"https:\/\/liveinandalusia.com\/fr\/#\/schema\/person\/image\/"},"sameAs":["https:\/\/liveinandalusia.com","https:\/\/www.facebook.com\/IgnacioAsesorIAD\/","https:\/\/www.instagram.com\/ignacioiad"]}]}},"_links":{"self":[{"href":"https:\/\/liveinandalusia.com\/fr\/wp-json\/wp\/v2\/pages\/2982","targetHints":{"allow":["GET"]}}],"collection":[{"href":"https:\/\/liveinandalusia.com\/fr\/wp-json\/wp\/v2\/pages"}],"about":[{"href":"https:\/\/liveinandalusia.com\/fr\/wp-json\/wp\/v2\/types\/page"}],"author":[{"embeddable":true,"href":"https:\/\/liveinandalusia.com\/fr\/wp-json\/wp\/v2\/users\/1"}],"replies":[{"embeddable":true,"href":"https:\/\/liveinandalusia.com\/fr\/wp-json\/wp\/v2\/comments?post=2982"}],"version-history":[{"count":2,"href":"https:\/\/liveinandalusia.com\/fr\/wp-json\/wp\/v2\/pages\/2982\/revisions"}],"predecessor-version":[{"id":3403,"href":"https:\/\/liveinandalusia.com\/fr\/wp-json\/wp\/v2\/pages\/2982\/revisions\/3403"}],"wp:attachment":[{"href":"https:\/\/liveinandalusia.com\/fr\/wp-json\/wp\/v2\/media?parent=2982"}],"curies":[{"name":"wp","href":"https:\/\/api.w.org\/{rel}","templated":true}]}}